{"id":67,"date":"2024-11-23T00:12:36","date_gmt":"2024-11-23T00:12:36","guid":{"rendered":"https:\/\/qualyplast.com\/?page_id=67"},"modified":"2025-05-02T22:18:39","modified_gmt":"2025-05-02T22:18:39","slug":"contacto","status":"publish","type":"page","link":"https:\/\/qualyplast.com\/en\/contacto\/","title":{"rendered":"Contact"},"content":{"rendered":"<h2>KEEN IN TOUCH<\/h2>\n<h2>Contact<\/h2>\n<h2>CONTACT<\/h2>\n<h2>Do you need information or require a quote?<\/h2>\n<form method=\"post\" name=\"Qualyplast Form\">\n\t\t\t<input type=\"hidden\" name=\"post_id\" value=\"67\" \/><br \/>\n\t\t\t<input type=\"hidden\" name=\"form_id\" value=\"96679f0\" \/><br \/>\n\t\t\t\t\t<input\n\t\t\toninput=\"onInvalidRavenFormField(event)\"\n\t\t\toninvalid=\"onInvalidRavenFormField(event)\"\n\t\t\ttype=\"text\" name=\"fields[9b00e8a]\" id=\"form-field-9b00e8a\" placeholder=\"Name\" data-type=\"text\" required=\"required\"><br \/>\n\t\t\t\t\t<input\n\t\t\toninput=\"onInvalidRavenFormField(event)\"\n\t\t\toninvalid=\"onInvalidRavenFormField(event)\"\n\t\t\ttype=\"tel\" name=\"fields[b87b9f7]\" id=\"form-field-b87b9f7\" placeholder=\"Tel\u00e9fono\" data-type=\"tel\" required=\"required\" pattern=\"^[0-9-+s()]*$\" title=\"The value should only consist numbers and phone characters (-, +, (), etc)\"><br \/>\n\t\t\t\t\t<input\n\t\t\toninput=\"onInvalidRavenFormField(event)\"\n\t\t\toninvalid=\"onInvalidRavenFormField(event)\"\n\t\t\ttype=\"email\" name=\"fields[cdb6fc0]\" id=\"form-field-cdb6fc0\" placeholder=\"Email\" data-type=\"email\" required=\"required\"><br \/>\n\t\t\t\t\t<textarea\n\t\t\toninput=\"onInvalidRavenFormField(event)\"\n\t\t\toninvalid=\"onInvalidRavenFormField(event)\"\n\t\t\ttype=\"textarea\" name=\"fields[f0e7c14]\" id=\"form-field-f0e7c14\" placeholder=\"Message\" data-type=\"textarea\" required=\"required\"\t\t\trows=\"5\"><\/textarea><br \/>\n\t\t\t\t\t\t\t\t\t<button type=\"submit\"><br \/>\n\t\t\t\t\t\tSend<br \/>\n\t\t<\/button><br \/>\n\t\t\t\t<input type=\"hidden\" name=\"trp-form-language\" value=\"en\"\/><\/form>\n<h2>MATRIZ<\/h2>\n<h2>Cd. Obreg\u00f3n, Sonora<\/h2>\n<p>Obreros 2139 Parque Industrial.<br \/>Cd. Obreg\u00f3n, Sonora. 85065<br \/><strong>E mail:<\/strong>\u00a0ventas@qualyplast.com<br \/><strong>E mail:<\/strong>\u00a0recursos.humanos@qualyplast.com<br \/><strong>Telephone:\u00a0<\/strong>01(644) 4 10 66 00<br \/><strong>Complaints E-mail:<\/strong>\u00a0denuncias@qualyplast.com<br \/><strong>Suggestions Email:<\/strong>\u00a0sug11@qualyplast.com<\/p>\n<h2>CDMX<\/h2>\n<p><strong>Ing. David Hern\u00e1ndez Rivas<\/strong><\/p>\n<p>Flexible Packaging Sale<\/p>\n<p>5525873331<\/p>\n<p>david.qualyplast@gmail.com<\/p>\n<h2>MONTERREY, NUEVO LE\u00d3N<br \/>\n<\/h2>\n<p><strong>Alfonso Mart\u00ednez<\/strong><\/p>\n<p>Flexible Packaging Sale<\/p>\n<p>811 6256654<\/p>\n<p>alfonso.qualyplast@gmail.com<\/p>\n<h2>NOGALES, SONORA<\/h2>\n<p><strong>Jose Burruel<\/strong><\/p>\n<p>Flexible Packaging Sale<\/p>\n<p>631 1680124<\/p>\n<p>burruel.qualyplast@gmail.com<\/p>\n<h2>SAN DIEGO, CALIFORNIA<\/h2>\n<p><strong>Arturo Carlos<\/strong><\/p>\n<p>Flexible Packaging Sale<\/p>\n<p>662 2760183<\/p>\n<p>arturo.carlos@icloud.com<\/p>\n<h2>HERMOSILLO, SONORA<\/h2>\n<p><strong>Ing. Jaime Beltr\u00e1n<\/strong><\/p>\n<p>Agricultural Sales<\/p>\n<p>644 4470354<\/p>\n<p>jaime.beltran@qualyplast.com<\/p>\n<h2>LA PAZ, B.C.S.<br \/>\n<\/h2>\n<p><strong>L.A.A. Loida Lozano Angulo<\/strong><\/p>\n<p>Agricultural Sales<\/p>\n<p>612 1578836<\/p>\n<p>loidalozano@hotmail.com<\/p>\n<h2>GUADALAJARA, JALISCO<\/h2>\n<p><strong>Carlos Rodr\u00edguez E.<\/strong><\/p>\n<p>Agricultural Sales<\/p>\n<p>442 156 0381<\/p>\n<p>crqualyplast@gmail.com<\/p>\n<h2>SURESTE<\/h2>\n<p><strong>Ing. Julio C\u00e9sar Mart\u00ednez Samoano<\/strong><\/p>\n<p>Agricultural Sales<\/p>\n<p>999 900 82 20<\/p>\n<p>julio.martinez@qualyplast.com<\/p>\n<h2>CHIHUAHUA<\/h2>\n<p><strong>Lic. Carlos Ernesto Mart\u00ednez Terrazas<\/strong><\/p>\n<p>Agricultural Sales<\/p>\n<p>614 176 55 00<\/p>\n<p>carlosemt@hotmail.com<\/p>\n<p>\t\t\t<iframe loading=\"lazy\"\n\t\t\t\t\tsrc=\"https:\/\/maps.google.com\/maps?q=Qualyplast&#038;t=m&#038;z=14&#038;output=embed&#038;iwloc=near\"\n\t\t\t\t\ttitle=\"Qualyplast\"\n\t\t\t\t\taria-label=\"Qualyplast\"\n\t\t\t><\/iframe><\/p>","protected":false},"excerpt":{"rendered":"<p>COMUN\u00cdCATE CON NOSOTROS Contacto CONTACTO Necesitas informaci\u00f3n o requieres cotizaci\u00f3n Enviar MATRIZ Cd. Obreg\u00f3n, Sonora Obreros 2139 Parque Industrial.Cd. Obreg\u00f3n, Sonora. 85065E mail:\u00a0ventas@qualyplast.comE mail:\u00a0recursos.humanos@qualyplast.comTel\u00e9fono:\u00a001(644) 4 10 66 00Denuncias E-mail:\u00a0denuncias@qualyplast.comSugerencias E-mail:\u00a0sug11@qualyplast.com CDMX Ing. David Hern\u00e1ndez Rivas Venta de Empaque Flexible 5525873331 david.qualyplast@gmail.com MONTERREY, NUEVO LE\u00d3N Alfonso Mart\u00ednez Venta de Empaque Flexible 811 6256654 alfonso.qualyplast@gmail.com NOGALES, SONORA [&hellip;]<\/p>","protected":false},"author":1,"featured_media":0,"parent":0,"menu_order":0,"comment_status":"closed","ping_status":"closed","template":"elementor_header_footer","meta":{"_acf_changed":false,"footnotes":""},"class_list":["post-67","page","type-page","status-publish","hentry"],"acf":[],"_links":{"self":[{"href":"https:\/\/qualyplast.com\/en\/wp-json\/wp\/v2\/pages\/67","targetHints":{"allow":["GET"]}}],"collection":[{"href":"https:\/\/qualyplast.com\/en\/wp-json\/wp\/v2\/pages"}],"about":[{"href":"https:\/\/qualyplast.com\/en\/wp-json\/wp\/v2\/types\/page"}],"author":[{"embeddable":true,"href":"https:\/\/qualyplast.com\/en\/wp-json\/wp\/v2\/users\/1"}],"replies":[{"embeddable":true,"href":"https:\/\/qualyplast.com\/en\/wp-json\/wp\/v2\/comments?post=67"}],"version-history":[{"count":24,"href":"https:\/\/qualyplast.com\/en\/wp-json\/wp\/v2\/pages\/67\/revisions"}],"predecessor-version":[{"id":363,"href":"https:\/\/qualyplast.com\/en\/wp-json\/wp\/v2\/pages\/67\/revisions\/363"}],"wp:attachment":[{"href":"https:\/\/qualyplast.com\/en\/wp-json\/wp\/v2\/media?parent=67"}],"curies":[{"name":"wp","href":"https:\/\/api.w.org\/{rel}","templated":true}]}}