{"id":69,"date":"2024-11-23T00:13:28","date_gmt":"2024-11-23T00:13:28","guid":{"rendered":"https:\/\/qualyplast.com\/?page_id=69"},"modified":"2024-11-25T16:43:16","modified_gmt":"2024-11-25T16:43:16","slug":"linea-agricola","status":"publish","type":"page","link":"https:\/\/qualyplast.com\/en\/linea-agricola\/","title":{"rendered":"Agricultural Line"},"content":{"rendered":"<div data-elementor-type=\"wp-page\" data-elementor-id=\"69\" class=\"elementor elementor-69\">\n\t\t\t\t<div class=\"elementor-element elementor-element-665a738 e-flex e-con-boxed e-con e-parent\" data-id=\"665a738\" data-element_type=\"container\" data-settings=\"{&quot;background_background&quot;:&quot;classic&quot;,&quot;jet_parallax_layout_list&quot;:[]}\">\n\t\t\t\t\t<div class=\"e-con-inner\">\n\t\t\t\t<div class=\"elementor-element elementor-element-88c92a6 elementor-widget elementor-widget-heading\" data-id=\"88c92a6\" data-element_type=\"widget\" data-widget_type=\"heading.default\">\n\t\t\t\t<div class=\"elementor-widget-container\">\n\t\t\t<h2 class=\"elementor-heading-title elementor-size-default\">PRODUCTS<\/h2>\t\t<\/div>\n\t\t\t\t<\/div>\n\t\t\t\t<div class=\"elementor-element elementor-element-00a92dd elementor-widget elementor-widget-heading\" data-id=\"00a92dd\" data-element_type=\"widget\" data-widget_type=\"heading.default\">\n\t\t\t\t<div class=\"elementor-widget-container\">\n\t\t\t<h2 class=\"elementor-heading-title elementor-size-default\">Agricultural Line<\/h2>\t\t<\/div>\n\t\t\t\t<\/div>\n\t\t\t\t\t<\/div>\n\t\t\t\t<\/div>\n\t\t<div class=\"elementor-element elementor-element-0620544 e-flex e-con-boxed e-con e-parent\" data-id=\"0620544\" data-element_type=\"container\" data-settings=\"{&quot;jet_parallax_layout_list&quot;:[]}\">\n\t\t\t\t\t<div class=\"e-con-inner\">\n\t\t<div class=\"elementor-element elementor-element-20175b4 e-con-full e-flex e-con e-child\" data-id=\"20175b4\" data-element_type=\"container\" data-settings=\"{&quot;jet_parallax_layout_list&quot;:[]}\">\n\t\t\t\t<div class=\"elementor-element elementor-element-d5ade1e elementor-widget elementor-widget-image\" data-id=\"d5ade1e\" data-element_type=\"widget\" data-widget_type=\"image.default\">\n\t\t\t\t<div class=\"elementor-widget-container\">\n\t\t\t\t\t\t\t\t\t\t\t\t\t<img fetchpriority=\"high\" decoding=\"async\" width=\"500\" height=\"300\" src=\"https:\/\/qualyplast.com\/wp-content\/uploads\/2024\/11\/acolchado_agricola_qualyplast-ntbb4mzzuua23tab9vimlyhojo8gkqxtvh9bgdqsoo.jpg\" class=\"attachment-full size-full wp-image-250\" alt=\"\" srcset=\"https:\/\/qualyplast.com\/wp-content\/uploads\/2024\/11\/acolchado_agricola_qualyplast-ntbb4mzzuua23tab9vimlyhojo8gkqxtvh9bgdqsoo.jpg 500w, https:\/\/qualyplast.com\/wp-content\/uploads\/2024\/11\/acolchado_agricola_qualyplast-ntbb4mzzuua23tab9vimlyhojo8gkqxtvh9bgdqsoo-300x180.jpg 300w\" sizes=\"(max-width: 500px) 100vw, 500px\" \/>\t\t\t\t\t\t\t\t\t\t\t\t\t<\/div>\n\t\t\t\t<\/div>\n\t\t\t\t<\/div>\n\t\t<div class=\"elementor-element elementor-element-9ee102d e-con-full e-flex e-con e-child\" data-id=\"9ee102d\" data-element_type=\"container\" data-settings=\"{&quot;jet_parallax_layout_list&quot;:[]}\">\n\t\t\t\t<div class=\"elementor-element elementor-element-86c6b59 elementor-widget-divider--view-line elementor-widget elementor-widget-divider\" data-id=\"86c6b59\" data-element_type=\"widget\" data-widget_type=\"divider.default\">\n\t\t\t\t<div class=\"elementor-widget-container\">\n\t\t\t\t\t<div class=\"elementor-divider\">\n\t\t\t<span class=\"elementor-divider-separator\">\n\t\t\t\t\t\t<\/span>\n\t\t<\/div>\n\t\t\t\t<\/div>\n\t\t\t\t<\/div>\n\t\t\t\t<div class=\"elementor-element elementor-element-df25038 elementor-widget elementor-widget-heading\" data-id=\"df25038\" data-element_type=\"widget\" data-widget_type=\"heading.default\">\n\t\t\t\t<div class=\"elementor-widget-container\">\n\t\t\t<h2 class=\"elementor-heading-title elementor-size-default\">Padded<\/h2>\t\t<\/div>\n\t\t\t\t<\/div>\n\t\t\t\t<div class=\"elementor-element elementor-element-877d05b elementor-widget elementor-widget-text-editor\" data-id=\"877d05b\" data-element_type=\"widget\" data-widget_type=\"text-editor.default\">\n\t\t\t\t<div class=\"elementor-widget-container\">\n\t\t\t\t\t\t\t<p>Mulching films accelerate the precocity of crops, increase soil temperature, providing greater root development in plants. There is a substantial saving in irrigation water since evaporation of water in the soil is eliminated, achieving greater use of fertilizers and nutrients. It controls pests and diseases, and prevents the development of weeds that can cause serious damage to crops since they compete for space and nutrients in the soil.<\/p><p>They control erosion and protect the fruit from direct contact with wet soils that can cause rot. There are different types of plastics that have different functions in crops. Mulching can be applied manually or with a mulching machine.<\/p>\t\t\t\t\t\t<\/div>\n\t\t\t\t<\/div>\n\t\t\t\t<\/div>\n\t\t\t\t\t<\/div>\n\t\t\t\t<\/div>\n\t\t<div class=\"elementor-element elementor-element-1d14c32 e-flex e-con-boxed e-con e-parent\" data-id=\"1d14c32\" data-element_type=\"container\" data-settings=\"{&quot;jet_parallax_layout_list&quot;:[]}\">\n\t\t\t\t\t<div class=\"e-con-inner\">\n\t\t<div class=\"elementor-element elementor-element-1c70f21 e-con-full e-flex e-con e-child\" data-id=\"1c70f21\" data-element_type=\"container\" data-settings=\"{&quot;jet_parallax_layout_list&quot;:[]}\">\n\t\t\t\t<div class=\"elementor-element elementor-element-c84d359 elementor-widget elementor-widget-text-editor\" data-id=\"c84d359\" data-element_type=\"widget\" data-widget_type=\"text-editor.default\">\n\t\t\t\t<div class=\"elementor-widget-container\">\n\t\t\t\t\t\t\t<p><strong>Silver\/Black<\/strong><br \/>Reflects light, repels whiteflies and aphids, increases plant photosynthesis. Recommended for summer-autumn crops that are sensitive to heat.<\/p>\t\t\t\t\t\t<\/div>\n\t\t\t\t<\/div>\n\t\t\t\t<\/div>\n\t\t<div class=\"elementor-element elementor-element-55a8fd0 e-con-full e-flex e-con e-child\" data-id=\"55a8fd0\" data-element_type=\"container\" data-settings=\"{&quot;jet_parallax_layout_list&quot;:[]}\">\n\t\t\t\t<div class=\"elementor-element elementor-element-f6d790d elementor-widget elementor-widget-text-editor\" data-id=\"f6d790d\" data-element_type=\"widget\" data-widget_type=\"text-editor.default\">\n\t\t\t\t<div class=\"elementor-widget-container\">\n\t\t\t\t\t\t\t<p><strong>Black\/White<\/strong><br \/>Prevents excessive heating of the soil. Increases the luminosity of the lower parts of the plants that usually remain shaded.<\/p>\t\t\t\t\t\t<\/div>\n\t\t\t\t<\/div>\n\t\t\t\t<\/div>\n\t\t<div class=\"elementor-element elementor-element-6ba25d9 e-con-full e-flex e-con e-child\" data-id=\"6ba25d9\" data-element_type=\"container\" data-settings=\"{&quot;jet_parallax_layout_list&quot;:[]}\">\n\t\t\t\t<div class=\"elementor-element elementor-element-fa5186c elementor-widget elementor-widget-text-editor\" data-id=\"fa5186c\" data-element_type=\"widget\" data-widget_type=\"text-editor.default\">\n\t\t\t\t<div class=\"elementor-widget-container\">\n\t\t\t\t\t\t\t<p><strong>Black\/Gray<\/strong><br \/>Ideal for autumn-winter seasons. Reduces costs per hectare. Controls weed growth inside the plastic.<\/p>\t\t\t\t\t\t<\/div>\n\t\t\t\t<\/div>\n\t\t\t\t<\/div>\n\t\t\t\t\t<\/div>\n\t\t\t\t<\/div>\n\t\t<div class=\"elementor-element elementor-element-e2907e9 e-flex e-con-boxed e-con e-parent\" data-id=\"e2907e9\" data-element_type=\"container\" data-settings=\"{&quot;jet_parallax_layout_list&quot;:[]}\">\n\t\t\t\t\t<div class=\"e-con-inner\">\n\t\t<div class=\"elementor-element elementor-element-8f55cc7 e-con-full e-flex e-con e-child\" data-id=\"8f55cc7\" data-element_type=\"container\" data-settings=\"{&quot;jet_parallax_layout_list&quot;:[]}\">\n\t\t\t\t<div class=\"elementor-element elementor-element-a3dd719 elementor-widget elementor-widget-text-editor\" data-id=\"a3dd719\" data-element_type=\"widget\" data-widget_type=\"text-editor.default\">\n\t\t\t\t<div class=\"elementor-widget-container\">\n\t\t\t\t\t\t\t<p><strong>Black<\/strong><br \/>It controls weeds, since it prevents photosynthesis and suppresses seed germination.<\/p>\t\t\t\t\t\t<\/div>\n\t\t\t\t<\/div>\n\t\t\t\t<\/div>\n\t\t<div class=\"elementor-element elementor-element-44e818d e-con-full e-flex e-con e-child\" data-id=\"44e818d\" data-element_type=\"container\" data-settings=\"{&quot;jet_parallax_layout_list&quot;:[]}\">\n\t\t\t\t<div class=\"elementor-element elementor-element-94002ee elementor-widget elementor-widget-text-editor\" data-id=\"94002ee\" data-element_type=\"widget\" data-widget_type=\"text-editor.default\">\n\t\t\t\t<div class=\"elementor-widget-container\">\n\t\t\t\t\t\t\t<p><strong>Silver\/Silver<\/strong><br \/>Repellent against insects that transmit viruses and diseases. Reduces soil temperature in summer and increases photosynthesis.<\/p>\t\t\t\t\t\t<\/div>\n\t\t\t\t<\/div>\n\t\t\t\t<\/div>\n\t\t<div class=\"elementor-element elementor-element-43ac052 e-con-full e-flex e-con e-child\" data-id=\"43ac052\" data-element_type=\"container\" data-settings=\"{&quot;jet_parallax_layout_list&quot;:[]}\">\n\t\t\t\t<div class=\"elementor-element elementor-element-f3fb2e4 elementor-widget elementor-widget-text-editor\" data-id=\"f3fb2e4\" data-element_type=\"widget\" data-widget_type=\"text-editor.default\">\n\t\t\t\t<div class=\"elementor-widget-container\">\n\t\t\t\t\t\t\t<p><strong>Transparent or Natural<\/strong><br \/>Ideal for solarizing the soil, as it substantially raises its temperature. Very effective in winter and cold climates.<\/p>\t\t\t\t\t\t<\/div>\n\t\t\t\t<\/div>\n\t\t\t\t<\/div>\n\t\t\t\t\t<\/div>\n\t\t\t\t<\/div>\n\t\t<div class=\"elementor-element elementor-element-3be7e51 e-flex e-con-boxed e-con e-parent\" data-id=\"3be7e51\" data-element_type=\"container\" data-settings=\"{&quot;jet_parallax_layout_list&quot;:[],&quot;background_background&quot;:&quot;classic&quot;}\">\n\t\t\t\t\t<div class=\"e-con-inner\">\n\t\t<div class=\"elementor-element elementor-element-4d884a6 e-con-full e-flex e-con e-child\" data-id=\"4d884a6\" data-element_type=\"container\" data-settings=\"{&quot;jet_parallax_layout_list&quot;:[]}\">\n\t\t\t\t<div class=\"elementor-element elementor-element-eca60b3 elementor-widget elementor-widget-image\" data-id=\"eca60b3\" data-element_type=\"widget\" data-widget_type=\"image.default\">\n\t\t\t\t<div class=\"elementor-widget-container\">\n\t\t\t\t\t\t\t\t\t\t\t\t\t<img decoding=\"async\" width=\"500\" height=\"300\" src=\"https:\/\/qualyplast.com\/wp-content\/uploads\/2024\/11\/microtunel_qualyplast-ntbkyz7q7hccrwl76jgm21i67rqp94n49anraid12w.jpg\" class=\"attachment-full size-full wp-image-251\" alt=\"\" srcset=\"https:\/\/qualyplast.com\/wp-content\/uploads\/2024\/11\/microtunel_qualyplast-ntbkyz7q7hccrwl76jgm21i67rqp94n49anraid12w.jpg 500w, https:\/\/qualyplast.com\/wp-content\/uploads\/2024\/11\/microtunel_qualyplast-ntbkyz7q7hccrwl76jgm21i67rqp94n49anraid12w-300x180.jpg 300w\" sizes=\"(max-width: 500px) 100vw, 500px\" \/>\t\t\t\t\t\t\t\t\t\t\t\t\t<\/div>\n\t\t\t\t<\/div>\n\t\t\t\t<\/div>\n\t\t<div class=\"elementor-element elementor-element-432d9dc e-con-full e-flex e-con e-child\" data-id=\"432d9dc\" data-element_type=\"container\" data-settings=\"{&quot;jet_parallax_layout_list&quot;:[]}\">\n\t\t\t\t<div class=\"elementor-element elementor-element-dbbee8e elementor-widget-divider--view-line elementor-widget elementor-widget-divider\" data-id=\"dbbee8e\" data-element_type=\"widget\" data-widget_type=\"divider.default\">\n\t\t\t\t<div class=\"elementor-widget-container\">\n\t\t\t\t\t<div class=\"elementor-divider\">\n\t\t\t<span class=\"elementor-divider-separator\">\n\t\t\t\t\t\t<\/span>\n\t\t<\/div>\n\t\t\t\t<\/div>\n\t\t\t\t<\/div>\n\t\t\t\t<div class=\"elementor-element elementor-element-2105157 elementor-widget elementor-widget-heading\" data-id=\"2105157\" data-element_type=\"widget\" data-widget_type=\"heading.default\">\n\t\t\t\t<div class=\"elementor-widget-container\">\n\t\t\t<h2 class=\"elementor-heading-title elementor-size-default\">Microtunnels and Ecovelo<\/h2>\t\t<\/div>\n\t\t\t\t<\/div>\n\t\t\t\t<div class=\"elementor-element elementor-element-e47c143 elementor-widget elementor-widget-text-editor\" data-id=\"e47c143\" data-element_type=\"widget\" data-widget_type=\"text-editor.default\">\n\t\t\t\t<div class=\"elementor-widget-container\">\n\t\t\t\t\t\t\tNon-woven fabric made of synthetic material that protects against the attack of insects that can transmit diseases to the crop as well as preventing low temperatures from freezing the crop. It prevents the early application of insecticides and allows you to reach the cutting without problems of viruses.\n\nProtect your horticultural crops such as: Chili, melon, pumpkin, watermelon from aphids, whiteflies and many insects that transmit viruses or diseases to your plant.\t\t\t\t\t\t<\/div>\n\t\t\t\t<\/div>\n\t\t\t\t<\/div>\n\t\t\t\t\t<\/div>\n\t\t\t\t<\/div>\n\t\t<div class=\"elementor-element elementor-element-5f791da e-flex e-con-boxed e-con e-parent\" data-id=\"5f791da\" data-element_type=\"container\" data-settings=\"{&quot;jet_parallax_layout_list&quot;:[],&quot;background_background&quot;:&quot;classic&quot;}\">\n\t\t\t\t\t<div class=\"e-con-inner\">\n\t\t<div class=\"elementor-element elementor-element-0e94127 e-con-full e-flex e-con e-child\" data-id=\"0e94127\" data-element_type=\"container\" data-settings=\"{&quot;jet_parallax_layout_list&quot;:[]}\">\n\t\t\t\t<div class=\"elementor-element elementor-element-19df369 elementor-widget elementor-widget-heading\" data-id=\"19df369\" data-element_type=\"widget\" data-widget_type=\"heading.default\">\n\t\t\t\t<div class=\"elementor-widget-container\">\n\t\t\t<h2 class=\"elementor-heading-title elementor-size-default\">Advantages provided by microtunnels<\/h2>\t\t<\/div>\n\t\t\t\t<\/div>\n\t\t\t\t<div class=\"elementor-element elementor-element-9fd0771 elementor-widget elementor-widget-text-editor\" data-id=\"9fd0771\" data-element_type=\"widget\" data-widget_type=\"text-editor.default\">\n\t\t\t\t<div class=\"elementor-widget-container\">\n\t\t\t\t\t\t\t<ul><li>They allow the crop to produce crops in cold weather seasons.<\/li><li>They protect the crop from low temperatures.<\/li><li>They maintain a warmer microclimate, which facilitates the development of the root zone.<\/li><li>They allow for earlier and better quality harvests.<\/li><\/ul>\t\t\t\t\t\t<\/div>\n\t\t\t\t<\/div>\n\t\t\t\t<\/div>\n\t\t<div class=\"elementor-element elementor-element-70a96de e-con-full e-flex e-con e-child\" data-id=\"70a96de\" data-element_type=\"container\" data-settings=\"{&quot;jet_parallax_layout_list&quot;:[]}\">\n\t\t\t\t<div class=\"elementor-element elementor-element-8ea420c elementor-widget elementor-widget-text-editor\" data-id=\"8ea420c\" data-element_type=\"widget\" data-widget_type=\"text-editor.default\">\n\t\t\t\t<div class=\"elementor-widget-container\">\n\t\t\t\t\t\t\t<ul><li>Significantly increases crop yields.<\/li><li>Suitable for any Cucurbitaceae.<\/li><li>Protects the crop from winds and sudden changes in temperature.<\/li><\/ul>\t\t\t\t\t\t<\/div>\n\t\t\t\t<\/div>\n\t\t\t\t<\/div>\n\t\t\t\t\t<\/div>\n\t\t\t\t<\/div>\n\t\t<div class=\"elementor-element elementor-element-e57d3f1 e-flex e-con-boxed e-con e-parent\" data-id=\"e57d3f1\" data-element_type=\"container\" data-settings=\"{&quot;jet_parallax_layout_list&quot;:[],&quot;background_background&quot;:&quot;classic&quot;}\">\n\t\t\t\t\t<div class=\"e-con-inner\">\n\t\t<div class=\"elementor-element elementor-element-84b12d0 e-con-full e-flex e-con e-child\" data-id=\"84b12d0\" data-element_type=\"container\" data-settings=\"{&quot;jet_parallax_layout_list&quot;:[]}\">\n\t\t\t\t<div class=\"elementor-element elementor-element-aae70b9 elementor-widget elementor-widget-image\" data-id=\"aae70b9\" data-element_type=\"widget\" data-widget_type=\"image.default\">\n\t\t\t\t<div class=\"elementor-widget-container\">\n\t\t\t\t\t\t\t\t\t\t\t\t\t<img decoding=\"async\" width=\"500\" height=\"300\" src=\"https:\/\/qualyplast.com\/wp-content\/uploads\/2024\/11\/invernaderos_qualyplast-ntbl7kgmnz3ovm400r4vcdgtnjegljqt3tai6jmi7s.jpg\" class=\"attachment-full size-full wp-image-252\" alt=\"\" srcset=\"https:\/\/qualyplast.com\/wp-content\/uploads\/2024\/11\/invernaderos_qualyplast-ntbl7kgmnz3ovm400r4vcdgtnjegljqt3tai6jmi7s.jpg 500w, https:\/\/qualyplast.com\/wp-content\/uploads\/2024\/11\/invernaderos_qualyplast-ntbl7kgmnz3ovm400r4vcdgtnjegljqt3tai6jmi7s-300x180.jpg 300w\" sizes=\"(max-width: 500px) 100vw, 500px\" \/>\t\t\t\t\t\t\t\t\t\t\t\t\t<\/div>\n\t\t\t\t<\/div>\n\t\t\t\t<\/div>\n\t\t<div class=\"elementor-element elementor-element-25b31a1 e-con-full e-flex e-con e-child\" data-id=\"25b31a1\" data-element_type=\"container\" data-settings=\"{&quot;jet_parallax_layout_list&quot;:[]}\">\n\t\t\t\t<div class=\"elementor-element elementor-element-01ca7f1 elementor-widget-divider--view-line elementor-widget elementor-widget-divider\" data-id=\"01ca7f1\" data-element_type=\"widget\" data-widget_type=\"divider.default\">\n\t\t\t\t<div class=\"elementor-widget-container\">\n\t\t\t\t\t<div class=\"elementor-divider\">\n\t\t\t<span class=\"elementor-divider-separator\">\n\t\t\t\t\t\t<\/span>\n\t\t<\/div>\n\t\t\t\t<\/div>\n\t\t\t\t<\/div>\n\t\t\t\t<div class=\"elementor-element elementor-element-d1f377e elementor-widget elementor-widget-heading\" data-id=\"d1f377e\" data-element_type=\"widget\" data-widget_type=\"heading.default\">\n\t\t\t\t<div class=\"elementor-widget-container\">\n\t\t\t<h2 class=\"elementor-heading-title elementor-size-default\">Greenhouses<\/h2>\t\t<\/div>\n\t\t\t\t<\/div>\n\t\t\t\t<div class=\"elementor-element elementor-element-d06074d elementor-widget elementor-widget-text-editor\" data-id=\"d06074d\" data-element_type=\"widget\" data-widget_type=\"text-editor.default\">\n\t\t\t\t<div class=\"elementor-widget-container\">\n\t\t\t\t\t\t\t<p>We have greenhouse films of 6.1, 7.3, 12.2 meters wide in 600 gauge.<\/p><p><strong>QUALYPIPE<\/strong><\/p><ul><li>Efficient water conduction pipe that allows water to be conveyed without waste, filtration or flooding, avoiding the use of canals.<\/li><li>It adapts to any crop, since its gates are installed on the land to be irrigated.<\/li><li>Prevents water filtration and evaporation.<\/li><li>8, 10, 12,14 and 16 inches diameter available, black and white color.<\/li><\/ul>\t\t\t\t\t\t<\/div>\n\t\t\t\t<\/div>\n\t\t\t\t<\/div>\n\t\t\t\t\t<\/div>\n\t\t\t\t<\/div>\n\t\t<div class=\"elementor-element elementor-element-caaa60e e-flex e-con-boxed e-con e-parent\" data-id=\"caaa60e\" data-element_type=\"container\" data-settings=\"{&quot;jet_parallax_layout_list&quot;:[],&quot;background_background&quot;:&quot;classic&quot;}\">\n\t\t\t\t\t<div class=\"e-con-inner\">\n\t\t<div class=\"elementor-element elementor-element-14b5396 e-con-full e-flex e-con e-child\" data-id=\"14b5396\" data-element_type=\"container\" data-settings=\"{&quot;jet_parallax_layout_list&quot;:[]}\">\n\t\t\t\t<div class=\"elementor-element elementor-element-16f6f19 elementor-widget elementor-widget-image\" data-id=\"16f6f19\" data-element_type=\"widget\" data-widget_type=\"image.default\">\n\t\t\t\t<div class=\"elementor-widget-container\">\n\t\t\t\t\t\t\t\t\t\t\t\t\t<img loading=\"lazy\" decoding=\"async\" width=\"500\" height=\"300\" src=\"https:\/\/qualyplast.com\/wp-content\/uploads\/2024\/11\/trampa_insectos_qualyplast-ntbloa1c5xz7a1u6fz63o5ntu51dfu30qit9bmujlk.jpg\" class=\"attachment-full size-full wp-image-253\" alt=\"\" srcset=\"https:\/\/qualyplast.com\/wp-content\/uploads\/2024\/11\/trampa_insectos_qualyplast-ntbloa1c5xz7a1u6fz63o5ntu51dfu30qit9bmujlk.jpg 500w, https:\/\/qualyplast.com\/wp-content\/uploads\/2024\/11\/trampa_insectos_qualyplast-ntbloa1c5xz7a1u6fz63o5ntu51dfu30qit9bmujlk-300x180.jpg 300w\" sizes=\"(max-width: 500px) 100vw, 500px\" \/>\t\t\t\t\t\t\t\t\t\t\t\t\t<\/div>\n\t\t\t\t<\/div>\n\t\t\t\t<\/div>\n\t\t<div class=\"elementor-element elementor-element-c795818 e-con-full e-flex e-con e-child\" data-id=\"c795818\" data-element_type=\"container\" data-settings=\"{&quot;jet_parallax_layout_list&quot;:[]}\">\n\t\t\t\t<div class=\"elementor-element elementor-element-6180c16 elementor-widget-divider--view-line elementor-widget elementor-widget-divider\" data-id=\"6180c16\" data-element_type=\"widget\" data-widget_type=\"divider.default\">\n\t\t\t\t<div class=\"elementor-widget-container\">\n\t\t\t\t\t<div class=\"elementor-divider\">\n\t\t\t<span class=\"elementor-divider-separator\">\n\t\t\t\t\t\t<\/span>\n\t\t<\/div>\n\t\t\t\t<\/div>\n\t\t\t\t<\/div>\n\t\t\t\t<div class=\"elementor-element elementor-element-8f0ee45 elementor-widget elementor-widget-heading\" data-id=\"8f0ee45\" data-element_type=\"widget\" data-widget_type=\"heading.default\">\n\t\t\t\t<div class=\"elementor-widget-container\">\n\t\t\t<h2 class=\"elementor-heading-title elementor-size-default\">Insect trap<\/h2>\t\t<\/div>\n\t\t\t\t<\/div>\n\t\t\t\t<div class=\"elementor-element elementor-element-4bcbf54 elementor-widget elementor-widget-text-editor\" data-id=\"4bcbf54\" data-element_type=\"widget\" data-widget_type=\"text-editor.default\">\n\t\t\t\t<div class=\"elementor-widget-container\">\n\t\t\t\t\t\t\t<ul><li>It attracts insects due to its color, preventing pests from entering the crop.<\/li><li>Helps sample the presence of pests.<\/li><\/ul>\t\t\t\t\t\t<\/div>\n\t\t\t\t<\/div>\n\t\t\t\t<\/div>\n\t\t\t\t\t<\/div>\n\t\t\t\t<\/div>\n\t\t<div class=\"elementor-element elementor-element-7eaf8ca e-flex e-con-boxed e-con e-parent\" data-id=\"7eaf8ca\" data-element_type=\"container\" data-settings=\"{&quot;jet_parallax_layout_list&quot;:[]}\">\n\t\t\t\t\t<div class=\"e-con-inner\">\n\t\t\t\t<div class=\"elementor-element elementor-element-ca4fefa elementor-widget elementor-widget-text-editor\" data-id=\"ca4fefa\" data-element_type=\"widget\" data-widget_type=\"text-editor.default\">\n\t\t\t\t<div class=\"elementor-widget-container\">\n\t\t\t\t\t\t\t<p><b>ING. JAIME BELTRAN R.<\/b><\/p><p><b>AGRICULTURAL COMMERCIAL MANAGER<\/b><\/p><p><b>TEL. 644 4470354<\/b><\/p>\t\t\t\t\t\t<\/div>\n\t\t\t\t<\/div>\n\t\t\t\t\t<\/div>\n\t\t\t\t<\/div>\n\t\t\t\t<\/div>","protected":false},"excerpt":{"rendered":"<p>PRODUCTOS L\u00ednea Agr\u00edcola Acolchado Las pel\u00edculas para acolchados aceleran la precocidad de los cultivos, aumentan la temperatura de suelo proporcionando un mayor desarrollo radicular en las plantas. Se tiene un ahorro sustancial en el agua de riego ya que se elimina la evaporizaci\u00f3n del agua en el suelo logrando un mayor aprovechamiento de los fertilizantes [&hellip;]<\/p>","protected":false},"author":1,"featured_media":0,"parent":0,"menu_order":0,"comment_status":"closed","ping_status":"closed","template":"elementor_header_footer","meta":{"_acf_changed":false,"footnotes":""},"class_list":["post-69","page","type-page","status-publish","hentry"],"acf":[],"_links":{"self":[{"href":"https:\/\/qualyplast.com\/en\/wp-json\/wp\/v2\/pages\/69","targetHints":{"allow":["GET"]}}],"collection":[{"href":"https:\/\/qualyplast.com\/en\/wp-json\/wp\/v2\/pages"}],"about":[{"href":"https:\/\/qualyplast.com\/en\/wp-json\/wp\/v2\/types\/page"}],"author":[{"embeddable":true,"href":"https:\/\/qualyplast.com\/en\/wp-json\/wp\/v2\/users\/1"}],"replies":[{"embeddable":true,"href":"https:\/\/qualyplast.com\/en\/wp-json\/wp\/v2\/comments?post=69"}],"version-history":[{"count":17,"href":"https:\/\/qualyplast.com\/en\/wp-json\/wp\/v2\/pages\/69\/revisions"}],"predecessor-version":[{"id":347,"href":"https:\/\/qualyplast.com\/en\/wp-json\/wp\/v2\/pages\/69\/revisions\/347"}],"wp:attachment":[{"href":"https:\/\/qualyplast.com\/en\/wp-json\/wp\/v2\/media?parent=69"}],"curies":[{"name":"wp","href":"https:\/\/api.w.org\/{rel}","templated":true}]}}