{"id":73,"date":"2024-11-23T00:15:19","date_gmt":"2024-11-23T00:15:19","guid":{"rendered":"https:\/\/qualyplast.com\/?page_id=73"},"modified":"2024-11-25T16:48:03","modified_gmt":"2024-11-25T16:48:03","slug":"linea-industrial","status":"publish","type":"page","link":"https:\/\/qualyplast.com\/en\/linea-industrial\/","title":{"rendered":"Industrial Line"},"content":{"rendered":"<div data-elementor-type=\"wp-page\" data-elementor-id=\"73\" class=\"elementor elementor-73\">\n\t\t\t\t<div class=\"elementor-element elementor-element-028ee1f e-flex e-con-boxed e-con e-parent\" data-id=\"028ee1f\" data-element_type=\"container\" data-settings=\"{&quot;background_background&quot;:&quot;classic&quot;,&quot;jet_parallax_layout_list&quot;:[]}\">\n\t\t\t\t\t<div class=\"e-con-inner\">\n\t\t\t\t<div class=\"elementor-element elementor-element-383641e elementor-widget elementor-widget-heading\" data-id=\"383641e\" data-element_type=\"widget\" data-widget_type=\"heading.default\">\n\t\t\t\t<div class=\"elementor-widget-container\">\n\t\t\t<h2 class=\"elementor-heading-title elementor-size-default\">PRODUCTS<\/h2>\t\t<\/div>\n\t\t\t\t<\/div>\n\t\t\t\t<div class=\"elementor-element elementor-element-29b9302 elementor-widget elementor-widget-heading\" data-id=\"29b9302\" data-element_type=\"widget\" data-widget_type=\"heading.default\">\n\t\t\t\t<div class=\"elementor-widget-container\">\n\t\t\t<h2 class=\"elementor-heading-title elementor-size-default\">Industrial Line<\/h2>\t\t<\/div>\n\t\t\t\t<\/div>\n\t\t\t\t\t<\/div>\n\t\t\t\t<\/div>\n\t\t<div class=\"elementor-element elementor-element-fc7b4f5 e-flex e-con-boxed e-con e-parent\" data-id=\"fc7b4f5\" data-element_type=\"container\" data-settings=\"{&quot;jet_parallax_layout_list&quot;:[]}\">\n\t\t\t\t\t<div class=\"e-con-inner\">\n\t\t<div class=\"elementor-element elementor-element-26136cb e-con-full e-flex e-con e-child\" data-id=\"26136cb\" data-element_type=\"container\" data-settings=\"{&quot;jet_parallax_layout_list&quot;:[]}\">\n\t\t\t\t<div class=\"elementor-element elementor-element-45354f3 elementor-widget elementor-widget-image\" data-id=\"45354f3\" data-element_type=\"widget\" data-widget_type=\"image.default\">\n\t\t\t\t<div class=\"elementor-widget-container\">\n\t\t\t\t\t\t\t\t\t\t\t\t\t<img fetchpriority=\"high\" decoding=\"async\" width=\"500\" height=\"430\" src=\"https:\/\/qualyplast.com\/wp-content\/uploads\/2024\/11\/plastico_industrial_qualyplast_4-nvcg7osm863n0yjhr83nzi6tw9786xeo55b052lf4c-1.jpg\" class=\"attachment-full size-full wp-image-269\" alt=\"\" srcset=\"https:\/\/qualyplast.com\/wp-content\/uploads\/2024\/11\/plastico_industrial_qualyplast_4-nvcg7osm863n0yjhr83nzi6tw9786xeo55b052lf4c-1.jpg 500w, https:\/\/qualyplast.com\/wp-content\/uploads\/2024\/11\/plastico_industrial_qualyplast_4-nvcg7osm863n0yjhr83nzi6tw9786xeo55b052lf4c-1-300x258.jpg 300w\" sizes=\"(max-width: 500px) 100vw, 500px\" \/>\t\t\t\t\t\t\t\t\t\t\t\t\t<\/div>\n\t\t\t\t<\/div>\n\t\t\t\t<\/div>\n\t\t<div class=\"elementor-element elementor-element-a02d918 e-con-full e-flex e-con e-child\" data-id=\"a02d918\" data-element_type=\"container\" data-settings=\"{&quot;jet_parallax_layout_list&quot;:[]}\">\n\t\t\t\t<div class=\"elementor-element elementor-element-58eb5b7 elementor-widget elementor-widget-text-editor\" data-id=\"58eb5b7\" data-element_type=\"widget\" data-widget_type=\"text-editor.default\">\n\t\t\t\t<div class=\"elementor-widget-container\">\n\t\t\t\t\t\t\t<ul><li>Heat shrinkable film for forming trays with cans, flour bales, frozen foods, etc.<\/li><li>High density films with or without printing up to 80 inches wide for lamination.<\/li><li>Natural film.<\/li><li>Film with antistatic.<\/li><li>Pigmented film.<\/li><li>Stretch film in rolls for manual or machine application.<\/li><li>Bags for packaging in corrugated cardboard boxes (liners, bins, etc.)<\/li><li>Black and transparent curtain rolls.<\/li><\/ul>\t\t\t\t\t\t<\/div>\n\t\t\t\t<\/div>\n\t\t\t\t<\/div>\n\t\t\t\t\t<\/div>\n\t\t\t\t<\/div>\n\t\t\t\t<\/div>","protected":false},"excerpt":{"rendered":"<p>PRODUCTOS L\u00ednea Industrial Pel\u00edcula termoencogible para la formaci\u00f3n de charolas con latas, fardos de harina, alimentos congelados, etc. Pel\u00edculas de alta densidad con o sin impresi\u00f3n de hasta 80 pulgs. de ancho para laminaci\u00f3n. Pel\u00edcula natural. Pel\u00edcula con antiest\u00e1tico. Pel\u00edcula pigmentada. Pel\u00edcula estirable (stretch) en rollos para aplicaci\u00f3n manual o con m\u00e1quina. Bolsas para empaques [&hellip;]<\/p>","protected":false},"author":1,"featured_media":0,"parent":0,"menu_order":0,"comment_status":"closed","ping_status":"closed","template":"elementor_header_footer","meta":{"_acf_changed":false,"footnotes":""},"class_list":["post-73","page","type-page","status-publish","hentry"],"acf":[],"_links":{"self":[{"href":"https:\/\/qualyplast.com\/en\/wp-json\/wp\/v2\/pages\/73","targetHints":{"allow":["GET"]}}],"collection":[{"href":"https:\/\/qualyplast.com\/en\/wp-json\/wp\/v2\/pages"}],"about":[{"href":"https:\/\/qualyplast.com\/en\/wp-json\/wp\/v2\/types\/page"}],"author":[{"embeddable":true,"href":"https:\/\/qualyplast.com\/en\/wp-json\/wp\/v2\/users\/1"}],"replies":[{"embeddable":true,"href":"https:\/\/qualyplast.com\/en\/wp-json\/wp\/v2\/comments?post=73"}],"version-history":[{"count":8,"href":"https:\/\/qualyplast.com\/en\/wp-json\/wp\/v2\/pages\/73\/revisions"}],"predecessor-version":[{"id":354,"href":"https:\/\/qualyplast.com\/en\/wp-json\/wp\/v2\/pages\/73\/revisions\/354"}],"wp:attachment":[{"href":"https:\/\/qualyplast.com\/en\/wp-json\/wp\/v2\/media?parent=73"}],"curies":[{"name":"wp","href":"https:\/\/api.w.org\/{rel}","templated":true}]}}